{"id":84,"date":"2019-11-06T14:09:13","date_gmt":"2019-11-06T14:09:13","guid":{"rendered":"https:\/\/do-something-great.sbb.ch\/login\/?page_id=84"},"modified":"2025-04-04T11:33:22","modified_gmt":"2025-04-04T11:33:22","slug":"datenschutz","status":"publish","type":"page","link":"https:\/\/next.kpmg.de\/login\/datenschutz\/","title":{"rendered":"Datenschutz"},"content":{"rendered":"<p>[et_pb_section fb_built=&#8221;1&#8243; module_class=&#8221;text-section&#8221; _builder_version=&#8221;4.16&#8243; global_colors_info=&#8221;{}&#8221;][et_pb_row _builder_version=&#8221;4.16&#8243; global_colors_info=&#8221;{}&#8221;][et_pb_column type=&#8221;4_4&#8243; _builder_version=&#8221;4.16&#8243; global_colors_info=&#8221;{}&#8221;][et_pb_text _builder_version=&#8221;4.27.4&#8243; _module_preset=&#8221;default&#8221; text_font=&#8221;Georgia||||||||&#8221; hover_enabled=&#8221;0&#8243; global_colors_info=&#8221;{}&#8221; sticky_enabled=&#8221;0&#8243;]<\/p>\n<h2 class=\"iw-rte-headline2-inline\"><strong>Datenschutzerkl\u00e4rung f\u00fcr die Nutzung der KPMGnext Plattform (&#8220;KPMGnext&#8221;)<\/strong><\/h2>\n<div class=\"iw-rte-standardtext-inline\">Die KPMG AG Wirtschaftspr\u00fcfungsgesellschaft betreibt gemeinsam mit ihren verbundenen und assoziierten Unternehmen KPMG ITS und KPMG Law Rechntsanwaltsgesellschaft mbH\u00a0 (im Folgenden \u201eKPMG\u201c genannt) die <strong>KPMG<\/strong>next Talent Community. Die gemeinsame Plattform dient dazu, Gesch\u00e4ftsbereiche und Einstiegsm\u00f6glichkeiten darzustellen sowie relevante Stellenanzeigen und Karriereevents zu ver\u00f6ffentliche und somit eine nachhaltige Beziehung zu allen KPMG Top-Talenten aufzubauen. Gleichzeitig dient die Community als Sourcing Pool f\u00fcr Personalbedarfe aller Grades und Services bei KPMG.<\/div>\n<p>Grundlegende Informationen zum Datenschutz bei der Nutzung von KPMG-Webseiten sind unter www.kpmg.de bzw. unter www.kpmg-law.de abrufbar. Unser Gesch\u00e4ft basiert auf Vertrauen. F\u00fcr KPMG als Wirtschaftspr\u00fcfungsgesellschaft ist der Schutz personenbezogener Daten (Datenschutz) ein hohes Gut. KPMG beachtet alle anwendbaren Datenschutzgesetze und ist dar\u00fcber hinaus bestrebt, den Datenschutz stetig zu verbessern. KPMG ist verantwortliche Stelle f\u00fcr die Verarbeitung der personenbezogenen Daten auf diesen Webseiten im Sinne der Europ\u00e4ischen Datenschutz-Grundverordnung (DS-GVO) und des Bundesdatenschutzgesetzes (\u201eBDSG\u201c).<\/p>\n<p>Mit den nachfolgenden Datenschutzhinweisen informieren wir \u00fcber die Verarbeitung personenbezogener Daten auf den Webseiten von KPMG sowie \u00fcber die Betroffenenrechte.\u00a0<\/p>\n<p><strong>1. Wer ist f\u00fcr die Datenverarbeitung auf diesen Webseiten verantwortlich?<\/strong><\/p>\n<p>Die <strong>KPMG<\/strong>next Talent Community als eine gemeinsame Talent Community erm\u00f6glicht es den Talenten, spannende Berufe und Jobs in allen Gesellschaften kennenzulernen und Einblicke zu erhalten. Gemeinsam verantwortlich f\u00fcr die Datenverarbeitung im Rahmen der <strong>KPMG<\/strong>next Talent Community sind:\u00a0<\/p>\n<p>KPMG AG Wirtschaftspr\u00fcfungsgesellschaft<br \/>Heidestra\u00dfe 58<br \/>10557 Berlin<br \/>Telefon:\u00a0 +49 30 2068- 0<br \/>Fax:\u00a0 +49 30 2068-2000<br \/>E-Mail:\u00a0\u00a0<a class=\"iw-rte-link-inline\" href=\"mailto:information@kpmg.de\" rel=\"noreferrer noopener\" target=\"_blank\">information@kpmg.de<\/a><\/p>\n<p>KPMG IT Service GmbH<br \/>Heidestra\u00dfe 58<br \/>10557 Berlin<br \/>Telefon:\u00a0 +49 30 2068- 0<br \/>Fax:\u00a0 +49 30 2068-2000<br \/>E-Mail:\u00a0\u00a0<a class=\"iw-rte-link-inline\" href=\"mailto:information@kpmg.de\" rel=\"noreferrer noopener\" target=\"_blank\">information@kpmg.de<\/a><\/p>\n<p>KPMG Law Rechtsanwaltsgesellschaft mbH<br \/>Theodor-Heuss-Stra\u00dfe 5<br \/>70174 Stuttgart<br \/>Telefon:\u00a0 \u00a0 +49 711 781923-400<br \/>Fax:\u00a0 \u00a0 +49 711 781923-455<br \/>E-Mail:\u00a0<a class=\"iw-rte-link-inline\" href=\"mailto:information@kpmg-law.de\" rel=\"noreferrer noopener\" target=\"_blank\">information@kpmg-law.de<\/a><\/p>\n<p>&nbsp;<\/p>\n<p><strong>2. Wie kann der\/die Datenschutzbeauftragte erreicht werden?<\/strong><\/p>\n<p>Entweder unter einer der unter 1. genannten Postanschrift eines gemeinsamen Verantwortlichen oder unter folgender E-Mail-Adresse:\u00a0<a class=\"iw-rte-link-inline\" href=\"mailto:de-datenschutz@kpmg.com\" rel=\"noreferrer noopener\" target=\"_blank\">de-datenschutz@kpmg.com<\/a><\/p>\n<p><strong>3. Zu welchem Zweck verarbeiten wir Deine Daten auf diesen Webseiten und auf welcher rechtlichen Grundlage?<\/strong><\/p>\n<p>KPMG erhebt und verwendet personenbezogene Daten zur Bereitstellung der Webseiten sowie unserer Inhalte und Leistungen im Rahmen der gesetzlichen Vorgaben des Art. 6 Abs. 1 a bis f\u00a0 DS-GVO, d.h. soweit die DS-GVO oder eine andere Rechtsvorschrift dies erlaubt oder der\/die Nutzer:in in die Verarbeitung eingewilligt hat. Mit allen Dienstleistern, die wir auf unseren Webseiten als Auftragsdatenverarbeiter gem\u00e4\u00df Art. 28 EU DS-GVO einsetzen, werden gesetzlich normierte Datenschutzvertr\u00e4ge vereinbart und die Dienstleister vorab einem entsprechenden IT-Security Assessment unterzogen.<\/p>\n<p>Wenn nachfolgend nicht ausdr\u00fccklich anders erw\u00e4hnt, verarbeitet KPMG Deine Daten im Rahmen von\u00a0<strong>KPMG<\/strong>next auf der Grundlage des Art. 6 Abs. 1 lit. a DS-GVO.<\/p>\n<p>Mit allen Dienstleistungsunternehmen, die wir auf unseren Webseiten als Auftragsdatenverarbeiter gem\u00e4\u00df Art. 28 EU DS-GVO einsetzen, werden gesetzlich normierte Datenschutzvertr\u00e4ge vereinbart und die Dienstleistenden vorab einem entsprechenden IT-Security Assessment unterzogen.<\/p>\n<p>KPMG nutzt f\u00fcr den Betrieb von<strong>\u00a0KPMG<\/strong>next auch global agierende Cloud-Provider. Mit diesen sind sog. EU-Standardvertragsklauseln gem\u00e4\u00df Art. 46 Abs. 2 c DS-GVO vereinbart, um ein angemessenes Schutzniveau zu gew\u00e4hrleisten.<\/p>\n<p><strong>4. Nutzung von KPMG<\/strong>next<\/p>\n<p>Die Nutzer:innen erhalten einen personalisierten Link zur\u00a0<strong>KPMG<\/strong>next Plattform (<a class=\"iw-rte-link-inline\" href=\"http:\/\/next.kpmg.de\/\" rel=\"noreferrer noopener\" target=\"_blank\">next.kpmg.de<\/a>) auf der sie sich registrieren k\u00f6nnen.<\/p>\n<p><strong>KPMG<\/strong>next wird vorwiegend im Recruiting dazu genutzt, um mit Talenten, Bewerber:innen, ehemaligen Praktikant:innen,Werkstudierenden und Referendar:innen von KPMG \u00a0sowie den Teilnehmer:innen unseres ehemaligen highQ Programms strukturiert in Kontakt zu bleiben und eine nachhaltige Beziehung aufzubauen. Sie dient weiterhin dem fachlichen Austausch zwischen den Nutzer:innen von\u00a0<strong>KPMG<\/strong>next und den KPMG Mitarbeiter:innen. Die Kommunikation kann per E-Mail, Chat, \u00fcber Gruppen, den pers\u00f6nlichen Nutzerbereich, per Telefon oder Events stattfinden.<\/p>\n<p>Loggt sich ein:e Nutzer:in ein, welche:r sich zuvor bei KPMG beworben hat oder an einem Karriere-Event von KPMG teilgenommen hat, werden seine\/ihre bereits bei KPMG hinterlegten Daten in die\u00a0<strong>KPMG<\/strong>next Plattform \u00fcbernommen und der\/die Nutzer:in wird aufgefordert, das Profil zu pr\u00fcfen und bei Bedarf anzupassen bzw. zu vervollst\u00e4ndigen.<\/p>\n<p>Sollte der\/die Nutzer:in weder auf die Aufforderung zur Registrierung noch auf eine Erinnerungs-Email zur Vervollst\u00e4ndigung des Profils reagieren, erfolgt keine weitere Kontaktaufnahme und bereits gespeicherte Profildaten werden innerhalb von 4 Wochen gel\u00f6scht.<\/p>\n<p>Mit Zustimmung zu dieser Datenschutzerkl\u00e4rung willigt der\/die Nutzer:in wie beschrieben in die Verarbeitung seiner personenbezogenen Daten zu den oben beschriebenen Zwecken im Rahmen der <strong>KPMG<\/strong>next Talent Community ausdr\u00fccklich ein.<\/p>\n<p>Bei Registrierung, Anmeldung und Nutzung des Benutzerkontos werden auch die IP-Adresse des\/der Kandidat:in und der Zeitpunkt der jeweiligen Nutzung erfasst.\u00a0 Ein berechtigtes Interesse gem\u00e4\u00df Art. 6 Abs. 1 lit. f EU DS-GVO ergibt sich f\u00fcr KPMG aus Sicherheitsgr\u00fcnden (z. B. Schutz vor Missbrauch, unbefugte Nutzung).<\/p>\n<p><strong>5. Cookies<\/strong><\/p>\n<p>KPMG verwendet zu den nachfolgend aufgef\u00fchrten Zwecken sogenannte Cookies. Ein Cookie ist eine Textdatei, die vom Web-Server an den Browser geschickt wird und Informationen zum Webseitenbesucher (z. B. IP-Adresse), dessen Einstellungen und die genutzten Ger\u00e4te verarbeitet.<\/p>\n<p>Rechtsgrundlage f\u00fcr die Datenverarbeitung durch Cookies kann entweder ein berechtigtes Interesse von KPMG oder eine Einwilligung des Nutzers sein. \u00a0<\/p>\n<p>Ein berechtigtes Interesse f\u00fcr KPMG zum Einsatz von Cookies gem\u00e4\u00df Art. 6 Abs. 1f DS-GVO &amp; \u00a7 25 Abs. 2 TTDSG besteht insbesondere beim Einsatz unbedingt erforderlicher Cookies (siehe oben). Hierf\u00fcr ist keine Einwilligung erforderlich.<\/p>\n<p>F\u00fcr den Einsatz aller anderen Arten von Cookies (z. B. Marketing- und Social Media Cookies) ist eine Einwilligung erforderlich (Art. 6 Abs. 1a, f DS-GVO &amp; \u00a7 25 Abs. 1 TTDSG), die \u00fcber das auf unseren Webseiten eingeblendete Cookie-Banner abgegeben werden kann.<\/p>\n<p>Weitere detaillierte Informationen zu den von KPMG eingesetzten Cookies k\u00f6nnen unter dem Punkt \u201eCookie-Einstellungen\u201c am Ende jeder KPMG-Webseite jederzeit abgerufen werden. Dort kann die gew\u00e4hlte Cookie-Konfiguration vom Nutzer auch jederzeit angepasst werden.<\/p>\n<p>Hinweis: Bei einer Zustimmung zu einer Kategorie werden die Cookies sofort bzw. beim\u202fNeuladen\u202fder Webseite aktiviert. Sollten Sie Ihre bereits erteilte Zustimmung zu einer Kategorie widerrufen, bleiben die gesetzten Cookies bis zum Ende ihrer Laufzeit noch aktiv. Um sicherzustellen, dass diese Cookies sofort blockiert werden, m\u00fcssen Sie diese nach Ihrem Widerruf manuell \u00fcber Ihre Browser-Einstellungen l\u00f6schen.<\/p>\n<p><strong>6. Wie lange werden Daten gespeichert?<\/strong><\/p>\n<p>Grunds\u00e4tzlich speichert KPMG personenbezogene Daten, solange diese f\u00fcr die Durchf\u00fchrung der vorstehend aufgef\u00fchrten Zwecke erforderlich sind. Dies steht unter dem Vorbehalt gesetzlicher Aufbewahrungspflichten. KPMG-Mitarbeitende sind angewiesen, die Dauer der Speicherung personenbezogener Daten regelm\u00e4\u00dfig zu \u00fcberpr\u00fcfen und diese ggf. zu l\u00f6schen.<\/p>\n<p>Nutzer:innen k\u00f6nnen die L\u00f6schung des\u00a0<strong>KPMG<\/strong>next Accounts per E-Mail an\u00a0<a class=\"iw-rte-link-inline\" href=\"mailto:de-kpmgnext@kpmg.com\" rel=\"noreferrer noopener\" target=\"_blank\">de-kpmgnext@kpmg.com<\/a>\u00a0oder direkt im Profil in\u00a0<strong>KPMG<\/strong>next unter \u201eProfil deaktivieren\u201c veranlassen.<\/p>\n<p>Der\/die Nutzer:in erh\u00e4lt nach 12 Monaten Inaktivit\u00e4t eine Erinnerungs-E-Mail mit der Bitte, sich erneut einzuloggen. Sofern er\/sie nicht innerhalb von einem Monat reagiert, wird sein\/ihr Account gel\u00f6scht. F\u00fcr den Fall, dass sich der\/die Nutzer:in einloggt, beginnt die L\u00f6schfrist von 12 Monaten erneut zu laufen.<\/p>\n<p>Die Daten eines\/einer Nutzer:in, welche:r bei KPMG eine Anstellung angetreten hat, werden innerhalb von 4 Wochen nach Eintritt gel\u00f6scht.<\/p>\n<p><strong>7. Welche Datenschutzrechte stehen betroffenen Personen zu?<\/strong><\/p>\n<p>Betroffenen stehen Auskunftsrechte gem\u00e4\u00df Art. 15 EU DS-GVO \u00fcber die Verarbeitung ihrer personenbezogenen Daten durch KPMG (u.a. auch \u00fcber den Zweck der Verarbeitung, etwaige Empf\u00e4nger:innen und die voraussichtliche Dauer der Speicherung), Rechte auf Berichtigung unrichtiger Daten (Art. 16 EU DS-GVO), L\u00f6schung (Art. 17 EU DS-GVO), Einschr\u00e4nkung der Verarbeitung und Daten\u00fcbertragbarkeit der eingebrachten Daten (Art. 18, 20 EU DS-GVO) sowie das Recht auf Widerspruch gegen eine Verwendung f\u00fcr Marketingzwecke sowie aufgrund einer Verarbeitung auf der Grundlage eines berechtigten Interesses von KPMG (Art. 21 EU DS-GVO) zu.Einmal erteilte Einwilligungen k\u00f6nnen grunds\u00e4tzlich gegen\u00fcber KPMG jederzeit mit Wirkung f\u00fcr die Zukunft widerrufen werden. Zur Wahrung dieser Rechte kann sich jede:r Betroffene an den Datenschutzbeauftragten von KPMG wenden (siehe Ziff. 2). Daneben besteht auch ein Beschwerderecht bei einer Datenschutzaufsichtsbeh\u00f6rde. Betroffene k\u00f6nnen ihre Beschwerde an die Beh\u00f6rde ihres Wohnsitzes, grunds\u00e4tzlich aber auch an jede andere Datenschutzaufsichtsbeh\u00f6rde wenden.<\/p>\n<p>&nbsp;<\/p>\n<p>An dieser Stelle m\u00f6chten wir auch auf unsere\u00a0<a class=\"iw-rte-link-inline\" href=\"https:\/\/next.kpmg.de\/etc\/tend2.php\" rel=\"noreferrer noopener\" target=\"_blank\">Nutzungsbedingungen f\u00fcr die\u00a0<strong>KPMG<\/strong>next Plattform<\/a>\u00a0hinweisen. Bitte nimm Dir die Zeit und lese sie Dir durch.<\/p>\n<p>[\/et_pb_text][\/et_pb_column][\/et_pb_row][\/et_pb_section]<\/p>\n","protected":false},"excerpt":{"rendered":"<p>Datenschutzerkl\u00e4rung f\u00fcr die Nutzung der KPMGnext Plattform (&#8220;KPMGnext&#8221;) Die KPMG AG Wirtschaftspr\u00fcfungsgesellschaft betreibt gemeinsam mit ihren verbundenen und assoziierten Unternehmen KPMG ITS und KPMG Law Rechntsanwaltsgesellschaft mbH\u00a0 (im Folgenden \u201eKPMG\u201c genannt) die KPMGnext Talent Community. Die gemeinsame Plattform dient dazu, Gesch\u00e4ftsbereiche und Einstiegsm\u00f6glichkeiten darzustellen sowie relevante Stellenanzeigen und Karriereevents zu ver\u00f6ffentliche und somit eine nachhaltige [&hellip;]<\/p>\n","protected":false},"author":1,"featured_media":0,"parent":0,"menu_order":0,"comment_status":"closed","ping_status":"closed","template":"","meta":{"_et_pb_use_builder":"on","_et_pb_old_content":"","_et_gb_content_width":"","footnotes":""},"class_list":["post-84","page","type-page","status-publish","hentry"],"yoast_head":"<!-- This site is optimized with the Yoast SEO plugin v27.6 - https:\/\/yoast.com\/product\/yoast-seo-wordpress\/ -->\n<title>Datenschutz - KPMGnext<\/title>\n<meta name=\"robots\" content=\"noindex, follow, max-snippet:-1, max-image-preview:large, max-video-preview:-1\" \/>\n<meta property=\"og:locale\" content=\"en_US\" \/>\n<meta property=\"og:type\" content=\"article\" \/>\n<meta property=\"og:title\" content=\"Datenschutz - KPMGnext\" \/>\n<meta property=\"og:description\" content=\"Datenschutzerkl\u00e4rung f\u00fcr die Nutzung der KPMGnext Plattform (&quot;KPMGnext&quot;) Die KPMG AG Wirtschaftspr\u00fcfungsgesellschaft betreibt gemeinsam mit ihren verbundenen und assoziierten Unternehmen KPMG ITS und KPMG Law Rechntsanwaltsgesellschaft mbH\u00a0 (im Folgenden \u201eKPMG\u201c genannt) die KPMGnext Talent Community. Die gemeinsame Plattform dient dazu, Gesch\u00e4ftsbereiche und Einstiegsm\u00f6glichkeiten darzustellen sowie relevante Stellenanzeigen und Karriereevents zu ver\u00f6ffentliche und somit eine nachhaltige [&hellip;]\" \/>\n<meta property=\"og:url\" content=\"https:\/\/next.kpmg.de\/login\/datenschutz\/\" \/>\n<meta property=\"og:site_name\" content=\"KPMGnext\" \/>\n<meta property=\"article:modified_time\" content=\"2025-04-04T11:33:22+00:00\" \/>\n<meta name=\"twitter:card\" content=\"summary_large_image\" \/>\n<meta name=\"twitter:label1\" content=\"Est. reading time\" \/>\n\t<meta name=\"twitter:data1\" content=\"6 minutes\" \/>\n<script type=\"application\/ld+json\" class=\"yoast-schema-graph\">{\"@context\":\"https:\\\/\\\/schema.org\",\"@graph\":[{\"@type\":\"WebPage\",\"@id\":\"https:\\\/\\\/next.kpmg.de\\\/login\\\/datenschutz\\\/\",\"url\":\"https:\\\/\\\/next.kpmg.de\\\/login\\\/datenschutz\\\/\",\"name\":\"Datenschutz - KPMGnext\",\"isPartOf\":{\"@id\":\"https:\\\/\\\/next.kpmg.de\\\/login\\\/#website\"},\"datePublished\":\"2019-11-06T14:09:13+00:00\",\"dateModified\":\"2025-04-04T11:33:22+00:00\",\"breadcrumb\":{\"@id\":\"https:\\\/\\\/next.kpmg.de\\\/login\\\/datenschutz\\\/#breadcrumb\"},\"inLanguage\":\"en-US\",\"potentialAction\":[{\"@type\":\"ReadAction\",\"target\":[\"https:\\\/\\\/next.kpmg.de\\\/login\\\/datenschutz\\\/\"]}]},{\"@type\":\"BreadcrumbList\",\"@id\":\"https:\\\/\\\/next.kpmg.de\\\/login\\\/datenschutz\\\/#breadcrumb\",\"itemListElement\":[{\"@type\":\"ListItem\",\"position\":1,\"name\":\"Home\",\"item\":\"https:\\\/\\\/next.kpmg.de\\\/login\\\/\"},{\"@type\":\"ListItem\",\"position\":2,\"name\":\"Datenschutz\"}]},{\"@type\":\"WebSite\",\"@id\":\"https:\\\/\\\/next.kpmg.de\\\/login\\\/#website\",\"url\":\"https:\\\/\\\/next.kpmg.de\\\/login\\\/\",\"name\":\"KPMGnext\",\"description\":\"\",\"potentialAction\":[{\"@type\":\"SearchAction\",\"target\":{\"@type\":\"EntryPoint\",\"urlTemplate\":\"https:\\\/\\\/next.kpmg.de\\\/login\\\/?s={search_term_string}\"},\"query-input\":{\"@type\":\"PropertyValueSpecification\",\"valueRequired\":true,\"valueName\":\"search_term_string\"}}],\"inLanguage\":\"en-US\"}]}<\/script>\n<!-- \/ Yoast SEO plugin. -->","yoast_head_json":{"title":"Datenschutz - KPMGnext","robots":{"index":"noindex","follow":"follow","max-snippet":"max-snippet:-1","max-image-preview":"max-image-preview:large","max-video-preview":"max-video-preview:-1"},"og_locale":"en_US","og_type":"article","og_title":"Datenschutz - KPMGnext","og_description":"Datenschutzerkl\u00e4rung f\u00fcr die Nutzung der KPMGnext Plattform (\"KPMGnext\") Die KPMG AG Wirtschaftspr\u00fcfungsgesellschaft betreibt gemeinsam mit ihren verbundenen und assoziierten Unternehmen KPMG ITS und KPMG Law Rechntsanwaltsgesellschaft mbH\u00a0 (im Folgenden \u201eKPMG\u201c genannt) die KPMGnext Talent Community. Die gemeinsame Plattform dient dazu, Gesch\u00e4ftsbereiche und Einstiegsm\u00f6glichkeiten darzustellen sowie relevante Stellenanzeigen und Karriereevents zu ver\u00f6ffentliche und somit eine nachhaltige [&hellip;]","og_url":"https:\/\/next.kpmg.de\/login\/datenschutz\/","og_site_name":"KPMGnext","article_modified_time":"2025-04-04T11:33:22+00:00","twitter_card":"summary_large_image","twitter_misc":{"Est. reading time":"6 minutes"},"schema":{"@context":"https:\/\/schema.org","@graph":[{"@type":"WebPage","@id":"https:\/\/next.kpmg.de\/login\/datenschutz\/","url":"https:\/\/next.kpmg.de\/login\/datenschutz\/","name":"Datenschutz - KPMGnext","isPartOf":{"@id":"https:\/\/next.kpmg.de\/login\/#website"},"datePublished":"2019-11-06T14:09:13+00:00","dateModified":"2025-04-04T11:33:22+00:00","breadcrumb":{"@id":"https:\/\/next.kpmg.de\/login\/datenschutz\/#breadcrumb"},"inLanguage":"en-US","potentialAction":[{"@type":"ReadAction","target":["https:\/\/next.kpmg.de\/login\/datenschutz\/"]}]},{"@type":"BreadcrumbList","@id":"https:\/\/next.kpmg.de\/login\/datenschutz\/#breadcrumb","itemListElement":[{"@type":"ListItem","position":1,"name":"Home","item":"https:\/\/next.kpmg.de\/login\/"},{"@type":"ListItem","position":2,"name":"Datenschutz"}]},{"@type":"WebSite","@id":"https:\/\/next.kpmg.de\/login\/#website","url":"https:\/\/next.kpmg.de\/login\/","name":"KPMGnext","description":"","potentialAction":[{"@type":"SearchAction","target":{"@type":"EntryPoint","urlTemplate":"https:\/\/next.kpmg.de\/login\/?s={search_term_string}"},"query-input":{"@type":"PropertyValueSpecification","valueRequired":true,"valueName":"search_term_string"}}],"inLanguage":"en-US"}]}},"_links":{"self":[{"href":"https:\/\/next.kpmg.de\/login\/wp-json\/wp\/v2\/pages\/84","targetHints":{"allow":["GET"]}}],"collection":[{"href":"https:\/\/next.kpmg.de\/login\/wp-json\/wp\/v2\/pages"}],"about":[{"href":"https:\/\/next.kpmg.de\/login\/wp-json\/wp\/v2\/types\/page"}],"author":[{"embeddable":true,"href":"https:\/\/next.kpmg.de\/login\/wp-json\/wp\/v2\/users\/1"}],"replies":[{"embeddable":true,"href":"https:\/\/next.kpmg.de\/login\/wp-json\/wp\/v2\/comments?post=84"}],"version-history":[{"count":31,"href":"https:\/\/next.kpmg.de\/login\/wp-json\/wp\/v2\/pages\/84\/revisions"}],"predecessor-version":[{"id":1705,"href":"https:\/\/next.kpmg.de\/login\/wp-json\/wp\/v2\/pages\/84\/revisions\/1705"}],"wp:attachment":[{"href":"https:\/\/next.kpmg.de\/login\/wp-json\/wp\/v2\/media?parent=84"}],"curies":[{"name":"wp","href":"https:\/\/api.w.org\/{rel}","templated":true}]}}