{"id":1082,"date":"2021-01-17T07:47:38","date_gmt":"2021-01-17T07:47:38","guid":{"rendered":"http:\/\/wp.intraworlds.com\/mwe\/?page_id=1082"},"modified":"2024-04-25T10:00:16","modified_gmt":"2024-04-25T10:00:16","slug":"unternehmensangaben","status":"publish","type":"page","link":"https:\/\/next.kpmg.de\/login\/unternehmensangaben\/","title":{"rendered":"Unternehmensangaben"},"content":{"rendered":"<p>[et_pb_section fb_built=&#8221;1&#8243; module_class=&#8221;text-section&#8221; _builder_version=&#8221;4.16&#8243; _module_preset=&#8221;default&#8221; global_colors_info=&#8221;{}&#8221;][et_pb_row _builder_version=&#8221;4.16&#8243; _module_preset=&#8221;default&#8221; global_colors_info=&#8221;{}&#8221;][et_pb_column type=&#8221;4_4&#8243; _builder_version=&#8221;4.16&#8243; _module_preset=&#8221;default&#8221; global_colors_info=&#8221;{}&#8221;][et_pb_text _builder_version=&#8221;4.25.0&#8243; _module_preset=&#8221;default&#8221; text_font=&#8221;Georgia||||||||&#8221; hover_enabled=&#8221;0&#8243; global_colors_info=&#8221;{}&#8221; sticky_enabled=&#8221;0&#8243;]<\/p>\n<h1>Unternehmensangaben<\/h1>\n<p><strong>KPMG AG Wirtschaftspr\u00fcfungsgesellschaft\u00a0<\/strong><br \/>Heidestra\u00dfe 58<br \/>10557 Berlin<\/p>\n<p>Postanschrift:<br \/>Postfach 30 34 53<br \/>10728 Berlin<\/p>\n<p>T +49 30 2068-0<br \/>F\u00a0+49 30 2068-2000<br \/><a href=\"https:\/\/home.kpmg\/de\/de\/home\/misc\/contact-form.html\" target=\"_blank\" rel=\"noopener\">information@kpmg.de<\/a><br \/><strong>Vorsitzender des Aufsichtsrats:<\/strong> Christian Rast<br \/><strong>Vorstand:<\/strong> WP StB Klaus Becker (Sprecher), WP StB Boris Schroer (Stellv. Sprecher), Dr. Vera-Carina Elter, WP Holger Kneisel, WP StB Sven-Olaf Leitz, RA Mathias Obernd\u00f6rfer, WP Christian Sailer, WP Mattias Schmelzer<br \/><strong>Sitz:<\/strong>\u00a0Berlin<br \/><strong>Handelsregister:<\/strong>\u00a0Charlottenburg (HRB 106191 B)<br \/><strong>Umsatzsteueridentifikations-Nr.:<\/strong>\u00a0DE 814811803<br \/><strong>Staat der Zulassung:<\/strong>\u00a0Deutschland<br \/><strong>Aufsichtsbeh\u00f6rde:<\/strong>\u00a0Wirtschaftspr\u00fcferkammer (WPK), Rauchstra\u00dfe 26, 10787 Berlin<\/p>\n<p><strong>Berufsrechtliche Regelungen:<\/strong><\/p>\n<ul>\n<li>Wirtschaftspr\u00fcferordnung (WPO) und Berufssatzung f\u00fcr Wirtschaftspr\u00fcfer \/ vereidigte Buchpr\u00fcfer<\/li>\n<li>Satzung f\u00fcr Qualit\u00e4tskontrolle<\/li>\n<\/ul>\n<p>Informationen zu diesen Regelungen finden Sie auf der Internetseite der Wirtschaftspr\u00fcferkammer:\u00a0<a href=\"https:\/\/www.wpk.de\/\" target=\"_blank\" rel=\"noopener\">https:\/\/www.wpk.de<\/a>.<\/p>\n<p><strong>Angaben zu dem\u00a0nach \u00a7 54 WPO vorgeschriebenen und\u00a0bestehenden\u00a0Berufshaftpflichtversicherungsvertrag:<\/strong><br \/>Versicherer:<strong>\u00a0<\/strong>VSW \u2013 Die Versicherergemeinschaft f\u00fcr Steuerberater und Wirtschaftspr\u00fcfer, Dotzheimer Str. 23, 65185 Wiesbaden<\/p>\n<p>Angaben zum r\u00e4umlichen Geltungsbereich: Der Versicherungsschutz umfasst eine weltweite Deckung f\u00fcr ausl\u00e4ndisches Recht und ausl\u00e4ndische Gerichtsst\u00e4nde.<\/p>\n<p><strong>Angabe gem\u00e4\u00df \u00a7\u00a7 36, 37 Verbraucherstreitbeilegungsgesetz (VSBG):<\/strong><br \/>Die KPMG AG Wirtschaftspr\u00fcfungsgesellschaft ist nicht bereit, an Streitbeilegungsverfahren vor einer Verbraucherschlichtungsstelle im Sinne des \u00a7 2 des Verbraucherstreitbeilegungsgesetzes teilzunehmen.<\/p>\n<p>[\/et_pb_text][\/et_pb_column][\/et_pb_row][\/et_pb_section]<\/p>\n","protected":false},"excerpt":{"rendered":"<p>Unternehmensangaben KPMG AG Wirtschaftspr\u00fcfungsgesellschaft\u00a0Heidestra\u00dfe 5810557 Berlin Postanschrift:Postfach 30 34 5310728 Berlin T +49 30 2068-0F\u00a0+49 30 2068-2000information@kpmg.deVorsitzender des Aufsichtsrats: Christian RastVorstand: WP StB Klaus Becker (Sprecher), WP StB Boris Schroer (Stellv. Sprecher), Dr. Vera-Carina Elter, WP Holger Kneisel, WP StB Sven-Olaf Leitz, RA Mathias Obernd\u00f6rfer, WP Christian Sailer, WP Mattias SchmelzerSitz:\u00a0BerlinHandelsregister:\u00a0Charlottenburg (HRB 106191 B)Umsatzsteueridentifikations-Nr.:\u00a0DE 814811803Staat [&hellip;]<\/p>\n","protected":false},"author":2,"featured_media":0,"parent":0,"menu_order":0,"comment_status":"closed","ping_status":"closed","template":"","meta":{"_et_pb_use_builder":"on","_et_pb_old_content":"","_et_gb_content_width":"","footnotes":""},"class_list":["post-1082","page","type-page","status-publish","hentry"],"yoast_head":"<!-- This site is optimized with the Yoast SEO plugin v27.6 - https:\/\/yoast.com\/product\/yoast-seo-wordpress\/ -->\n<title>Unternehmensangaben - KPMGnext<\/title>\n<meta name=\"robots\" content=\"noindex, follow, max-snippet:-1, max-image-preview:large, max-video-preview:-1\" \/>\n<meta property=\"og:locale\" content=\"en_US\" \/>\n<meta property=\"og:type\" content=\"article\" \/>\n<meta property=\"og:title\" content=\"Unternehmensangaben - KPMGnext\" \/>\n<meta property=\"og:description\" content=\"Unternehmensangaben KPMG AG Wirtschaftspr\u00fcfungsgesellschaft\u00a0Heidestra\u00dfe 5810557 Berlin Postanschrift:Postfach 30 34 5310728 Berlin T +49 30 2068-0F\u00a0+49 30 2068-2000information@kpmg.deVorsitzender des Aufsichtsrats: Christian RastVorstand: WP StB Klaus Becker (Sprecher), WP StB Boris Schroer (Stellv. Sprecher), Dr. Vera-Carina Elter, WP Holger Kneisel, WP StB Sven-Olaf Leitz, RA Mathias Obernd\u00f6rfer, WP Christian Sailer, WP Mattias SchmelzerSitz:\u00a0BerlinHandelsregister:\u00a0Charlottenburg (HRB 106191 B)Umsatzsteueridentifikations-Nr.:\u00a0DE 814811803Staat [&hellip;]\" \/>\n<meta property=\"og:url\" content=\"https:\/\/next.kpmg.de\/login\/unternehmensangaben\/\" \/>\n<meta property=\"og:site_name\" content=\"KPMGnext\" \/>\n<meta property=\"article:modified_time\" content=\"2024-04-25T10:00:16+00:00\" \/>\n<meta name=\"twitter:card\" content=\"summary_large_image\" \/>\n<meta name=\"twitter:label1\" content=\"Est. reading time\" \/>\n\t<meta name=\"twitter:data1\" content=\"1 minute\" \/>\n<script type=\"application\/ld+json\" class=\"yoast-schema-graph\">{\"@context\":\"https:\\\/\\\/schema.org\",\"@graph\":[{\"@type\":\"WebPage\",\"@id\":\"https:\\\/\\\/next.kpmg.de\\\/login\\\/unternehmensangaben\\\/\",\"url\":\"https:\\\/\\\/next.kpmg.de\\\/login\\\/unternehmensangaben\\\/\",\"name\":\"Unternehmensangaben - KPMGnext\",\"isPartOf\":{\"@id\":\"https:\\\/\\\/next.kpmg.de\\\/login\\\/#website\"},\"datePublished\":\"2021-01-17T07:47:38+00:00\",\"dateModified\":\"2024-04-25T10:00:16+00:00\",\"breadcrumb\":{\"@id\":\"https:\\\/\\\/next.kpmg.de\\\/login\\\/unternehmensangaben\\\/#breadcrumb\"},\"inLanguage\":\"en-US\",\"potentialAction\":[{\"@type\":\"ReadAction\",\"target\":[\"https:\\\/\\\/next.kpmg.de\\\/login\\\/unternehmensangaben\\\/\"]}]},{\"@type\":\"BreadcrumbList\",\"@id\":\"https:\\\/\\\/next.kpmg.de\\\/login\\\/unternehmensangaben\\\/#breadcrumb\",\"itemListElement\":[{\"@type\":\"ListItem\",\"position\":1,\"name\":\"Home\",\"item\":\"https:\\\/\\\/next.kpmg.de\\\/login\\\/\"},{\"@type\":\"ListItem\",\"position\":2,\"name\":\"Unternehmensangaben\"}]},{\"@type\":\"WebSite\",\"@id\":\"https:\\\/\\\/next.kpmg.de\\\/login\\\/#website\",\"url\":\"https:\\\/\\\/next.kpmg.de\\\/login\\\/\",\"name\":\"KPMGnext\",\"description\":\"\",\"potentialAction\":[{\"@type\":\"SearchAction\",\"target\":{\"@type\":\"EntryPoint\",\"urlTemplate\":\"https:\\\/\\\/next.kpmg.de\\\/login\\\/?s={search_term_string}\"},\"query-input\":{\"@type\":\"PropertyValueSpecification\",\"valueRequired\":true,\"valueName\":\"search_term_string\"}}],\"inLanguage\":\"en-US\"}]}<\/script>\n<!-- \/ Yoast SEO plugin. -->","yoast_head_json":{"title":"Unternehmensangaben - KPMGnext","robots":{"index":"noindex","follow":"follow","max-snippet":"max-snippet:-1","max-image-preview":"max-image-preview:large","max-video-preview":"max-video-preview:-1"},"og_locale":"en_US","og_type":"article","og_title":"Unternehmensangaben - KPMGnext","og_description":"Unternehmensangaben KPMG AG Wirtschaftspr\u00fcfungsgesellschaft\u00a0Heidestra\u00dfe 5810557 Berlin Postanschrift:Postfach 30 34 5310728 Berlin T +49 30 2068-0F\u00a0+49 30 2068-2000information@kpmg.deVorsitzender des Aufsichtsrats: Christian RastVorstand: WP StB Klaus Becker (Sprecher), WP StB Boris Schroer (Stellv. Sprecher), Dr. Vera-Carina Elter, WP Holger Kneisel, WP StB Sven-Olaf Leitz, RA Mathias Obernd\u00f6rfer, WP Christian Sailer, WP Mattias SchmelzerSitz:\u00a0BerlinHandelsregister:\u00a0Charlottenburg (HRB 106191 B)Umsatzsteueridentifikations-Nr.:\u00a0DE 814811803Staat [&hellip;]","og_url":"https:\/\/next.kpmg.de\/login\/unternehmensangaben\/","og_site_name":"KPMGnext","article_modified_time":"2024-04-25T10:00:16+00:00","twitter_card":"summary_large_image","twitter_misc":{"Est. reading time":"1 minute"},"schema":{"@context":"https:\/\/schema.org","@graph":[{"@type":"WebPage","@id":"https:\/\/next.kpmg.de\/login\/unternehmensangaben\/","url":"https:\/\/next.kpmg.de\/login\/unternehmensangaben\/","name":"Unternehmensangaben - KPMGnext","isPartOf":{"@id":"https:\/\/next.kpmg.de\/login\/#website"},"datePublished":"2021-01-17T07:47:38+00:00","dateModified":"2024-04-25T10:00:16+00:00","breadcrumb":{"@id":"https:\/\/next.kpmg.de\/login\/unternehmensangaben\/#breadcrumb"},"inLanguage":"en-US","potentialAction":[{"@type":"ReadAction","target":["https:\/\/next.kpmg.de\/login\/unternehmensangaben\/"]}]},{"@type":"BreadcrumbList","@id":"https:\/\/next.kpmg.de\/login\/unternehmensangaben\/#breadcrumb","itemListElement":[{"@type":"ListItem","position":1,"name":"Home","item":"https:\/\/next.kpmg.de\/login\/"},{"@type":"ListItem","position":2,"name":"Unternehmensangaben"}]},{"@type":"WebSite","@id":"https:\/\/next.kpmg.de\/login\/#website","url":"https:\/\/next.kpmg.de\/login\/","name":"KPMGnext","description":"","potentialAction":[{"@type":"SearchAction","target":{"@type":"EntryPoint","urlTemplate":"https:\/\/next.kpmg.de\/login\/?s={search_term_string}"},"query-input":{"@type":"PropertyValueSpecification","valueRequired":true,"valueName":"search_term_string"}}],"inLanguage":"en-US"}]}},"_links":{"self":[{"href":"https:\/\/next.kpmg.de\/login\/wp-json\/wp\/v2\/pages\/1082","targetHints":{"allow":["GET"]}}],"collection":[{"href":"https:\/\/next.kpmg.de\/login\/wp-json\/wp\/v2\/pages"}],"about":[{"href":"https:\/\/next.kpmg.de\/login\/wp-json\/wp\/v2\/types\/page"}],"author":[{"embeddable":true,"href":"https:\/\/next.kpmg.de\/login\/wp-json\/wp\/v2\/users\/2"}],"replies":[{"embeddable":true,"href":"https:\/\/next.kpmg.de\/login\/wp-json\/wp\/v2\/comments?post=1082"}],"version-history":[{"count":25,"href":"https:\/\/next.kpmg.de\/login\/wp-json\/wp\/v2\/pages\/1082\/revisions"}],"predecessor-version":[{"id":1692,"href":"https:\/\/next.kpmg.de\/login\/wp-json\/wp\/v2\/pages\/1082\/revisions\/1692"}],"wp:attachment":[{"href":"https:\/\/next.kpmg.de\/login\/wp-json\/wp\/v2\/media?parent=1082"}],"curies":[{"name":"wp","href":"https:\/\/api.w.org\/{rel}","templated":true}]}}